{"id":12,"date":"2025-01-26T18:24:17","date_gmt":"2025-01-26T17:24:17","guid":{"rendered":"https:\/\/www.legraindesheures.ovh\/?page_id=12"},"modified":"2025-01-26T18:25:32","modified_gmt":"2025-01-26T17:25:32","slug":"le-grain-des-heures","status":"publish","type":"page","link":"https:\/\/www.legraindesheures.ovh\/index.php\/le-grain-des-heures\/","title":{"rendered":"Le grain des heures"},"content":{"rendered":"\n<p><em>Le grain des heures<\/em> sont quelques mots extraits du po\u00e8me <em>Saisir<\/em> de Andr\u00e9e Chedid, qui m&rsquo;a beaucoup touch\u00e9e \u00e0 une p\u00e9riode de ma vie. <\/p>\n\n\n\n<p class=\"has-text-align-center\">Saisir<\/p>\n\n\n\n<p class=\"has-text-align-center\">Recueillir le grain des heures<br>\u00c9treindre l\u2019\u00e9tincelle<br>Ravir un paysage<br>Absorber l\u2019hiver avec le rire<br>Dissoudre les n\u0153uds du chagrin<br>S\u2019impr\u00e9gner d\u2019un visage<br>Moissonner \u00e0 voix basse<br>Flamber pour un mot tendre<br>Embrasser la ville et ses reflux<br>\u00c9couter l\u2019oc\u00e9an en toutes choses<br>Entendre les sierras du silence<br>Transcrire la m\u00e9moire des mis\u00e9ricordieux<br>Relire un po\u00e8me qui avive<br>Saisir chaque maillon d\u2019amiti\u00e9<\/p>\n\n\n\n<p class=\"has-text-align-center\">&nbsp;Andr\u00e9e Chedid<\/p>\n\n\n\n<p class=\"has-text-align-center\">Au c\u0153ur du c\u0153ur, anthologie de po\u00e8mes d&rsquo;Andr\u00e9e&nbsp; Chedid &#8211; Librio<\/p>\n\n\n\n<figure class=\"wp-block-image size-large\"><img loading=\"lazy\" decoding=\"async\" width=\"1024\" height=\"683\" src=\"https:\/\/www.legraindesheures.ovh\/wp-content\/uploads\/2025\/01\/lr-2023-web-1024x683.jpg\" alt=\"\" class=\"wp-image-13\" srcset=\"https:\/\/www.legraindesheures.ovh\/wp-content\/uploads\/2025\/01\/lr-2023-web-1024x683.jpg 1024w, https:\/\/www.legraindesheures.ovh\/wp-content\/uploads\/2025\/01\/lr-2023-web-300x200.jpg 300w, https:\/\/www.legraindesheures.ovh\/wp-content\/uploads\/2025\/01\/lr-2023-web-768x512.jpg 768w, https:\/\/www.legraindesheures.ovh\/wp-content\/uploads\/2025\/01\/lr-2023-web-1536x1024.jpg 1536w, https:\/\/www.legraindesheures.ovh\/wp-content\/uploads\/2025\/01\/lr-2023-web-2048x1365.jpg 2048w\" sizes=\"auto, (max-width: 1024px) 100vw, 1024px\" \/><\/figure>\n","protected":false},"excerpt":{"rendered":"<p>Le grain des heures sont quelques mots extraits du po\u00e8me Saisir de Andr\u00e9e Chedid, qui m&rsquo;a beaucoup touch\u00e9e \u00e0 une p\u00e9riode de ma vie. Saisir &hellip;<\/p>\n","protected":false},"author":1,"featured_media":15,"parent":0,"menu_order":0,"comment_status":"closed","ping_status":"closed","template":"","meta":{"footnotes":""},"class_list":["post-12","page","type-page","status-publish","has-post-thumbnail","hentry"],"yoast_head":"<!-- This site is optimized with the Yoast SEO plugin v27.5 - https:\/\/yoast.com\/product\/yoast-seo-wordpress\/ -->\n<title>Le grain des heures - Le grain des heures<\/title>\n<meta name=\"robots\" content=\"index, follow, max-snippet:-1, max-image-preview:large, max-video-preview:-1\" \/>\n<link rel=\"canonical\" href=\"https:\/\/www.legraindesheures.ovh\/index.php\/le-grain-des-heures\/\" \/>\n<meta property=\"og:locale\" content=\"fr_FR\" \/>\n<meta property=\"og:type\" content=\"article\" \/>\n<meta property=\"og:title\" content=\"Le grain des heures - Le grain des heures\" \/>\n<meta property=\"og:description\" content=\"Le grain des heures sont quelques mots extraits du po\u00e8me Saisir de Andr\u00e9e Chedid, qui m&rsquo;a beaucoup touch\u00e9e \u00e0 une p\u00e9riode de ma vie. Saisir &hellip;\" \/>\n<meta property=\"og:url\" content=\"https:\/\/www.legraindesheures.ovh\/index.php\/le-grain-des-heures\/\" \/>\n<meta property=\"og:site_name\" content=\"Le grain des heures\" \/>\n<meta property=\"article:modified_time\" content=\"2025-01-26T17:25:32+00:00\" \/>\n<meta property=\"og:image\" content=\"https:\/\/www.legraindesheures.ovh\/wp-content\/uploads\/2025\/01\/ete-une.jpg\" \/>\n\t<meta property=\"og:image:width\" content=\"900\" \/>\n\t<meta property=\"og:image:height\" content=\"600\" \/>\n\t<meta property=\"og:image:type\" content=\"image\/jpeg\" \/>\n<meta name=\"twitter:card\" content=\"summary_large_image\" \/>\n<meta name=\"twitter:label1\" content=\"Dur\u00e9e de lecture estim\u00e9e\" \/>\n\t<meta name=\"twitter:data1\" content=\"1 minute\" \/>\n<script type=\"application\/ld+json\" class=\"yoast-schema-graph\">{\"@context\":\"https:\\\/\\\/schema.org\",\"@graph\":[{\"@type\":\"WebPage\",\"@id\":\"https:\\\/\\\/www.legraindesheures.ovh\\\/index.php\\\/le-grain-des-heures\\\/\",\"url\":\"https:\\\/\\\/www.legraindesheures.ovh\\\/index.php\\\/le-grain-des-heures\\\/\",\"name\":\"Le grain des heures - Le grain des heures\",\"isPartOf\":{\"@id\":\"http:\\\/\\\/www.legraindesheures.ovh\\\/#website\"},\"primaryImageOfPage\":{\"@id\":\"https:\\\/\\\/www.legraindesheures.ovh\\\/index.php\\\/le-grain-des-heures\\\/#primaryimage\"},\"image\":{\"@id\":\"https:\\\/\\\/www.legraindesheures.ovh\\\/index.php\\\/le-grain-des-heures\\\/#primaryimage\"},\"thumbnailUrl\":\"https:\\\/\\\/www.legraindesheures.ovh\\\/wp-content\\\/uploads\\\/2025\\\/01\\\/ete-une.jpg\",\"datePublished\":\"2025-01-26T17:24:17+00:00\",\"dateModified\":\"2025-01-26T17:25:32+00:00\",\"breadcrumb\":{\"@id\":\"https:\\\/\\\/www.legraindesheures.ovh\\\/index.php\\\/le-grain-des-heures\\\/#breadcrumb\"},\"inLanguage\":\"fr-FR\",\"potentialAction\":[{\"@type\":\"ReadAction\",\"target\":[\"https:\\\/\\\/www.legraindesheures.ovh\\\/index.php\\\/le-grain-des-heures\\\/\"]}]},{\"@type\":\"ImageObject\",\"inLanguage\":\"fr-FR\",\"@id\":\"https:\\\/\\\/www.legraindesheures.ovh\\\/index.php\\\/le-grain-des-heures\\\/#primaryimage\",\"url\":\"https:\\\/\\\/www.legraindesheures.ovh\\\/wp-content\\\/uploads\\\/2025\\\/01\\\/ete-une.jpg\",\"contentUrl\":\"https:\\\/\\\/www.legraindesheures.ovh\\\/wp-content\\\/uploads\\\/2025\\\/01\\\/ete-une.jpg\",\"width\":900,\"height\":600},{\"@type\":\"BreadcrumbList\",\"@id\":\"https:\\\/\\\/www.legraindesheures.ovh\\\/index.php\\\/le-grain-des-heures\\\/#breadcrumb\",\"itemListElement\":[{\"@type\":\"ListItem\",\"position\":1,\"name\":\"Accueil\",\"item\":\"http:\\\/\\\/www.legraindesheures.ovh\\\/\"},{\"@type\":\"ListItem\",\"position\":2,\"name\":\"Le grain des heures\"}]},{\"@type\":\"WebSite\",\"@id\":\"http:\\\/\\\/www.legraindesheures.ovh\\\/#website\",\"url\":\"http:\\\/\\\/www.legraindesheures.ovh\\\/\",\"name\":\"Le grain des heures\",\"description\":\"Beauty of ordinary days\",\"publisher\":{\"@id\":\"http:\\\/\\\/www.legraindesheures.ovh\\\/#\\\/schema\\\/person\\\/cfb99bdc37b2ce43399fe7748d89f161\"},\"potentialAction\":[{\"@type\":\"SearchAction\",\"target\":{\"@type\":\"EntryPoint\",\"urlTemplate\":\"http:\\\/\\\/www.legraindesheures.ovh\\\/?s={search_term_string}\"},\"query-input\":{\"@type\":\"PropertyValueSpecification\",\"valueRequired\":true,\"valueName\":\"search_term_string\"}}],\"inLanguage\":\"fr-FR\"},{\"@type\":[\"Person\",\"Organization\"],\"@id\":\"http:\\\/\\\/www.legraindesheures.ovh\\\/#\\\/schema\\\/person\\\/cfb99bdc37b2ce43399fe7748d89f161\",\"name\":\"Muriel Turmes\",\"image\":{\"@type\":\"ImageObject\",\"inLanguage\":\"fr-FR\",\"@id\":\"https:\\\/\\\/secure.gravatar.com\\\/avatar\\\/df648abd54fd30b1686f3a8a3ec6632be51efe0530ac9d0955f04ffb9bc5a65e?s=96&d=mm&r=g\",\"url\":\"https:\\\/\\\/secure.gravatar.com\\\/avatar\\\/df648abd54fd30b1686f3a8a3ec6632be51efe0530ac9d0955f04ffb9bc5a65e?s=96&d=mm&r=g\",\"contentUrl\":\"https:\\\/\\\/secure.gravatar.com\\\/avatar\\\/df648abd54fd30b1686f3a8a3ec6632be51efe0530ac9d0955f04ffb9bc5a65e?s=96&d=mm&r=g\",\"caption\":\"Muriel Turmes\"},\"logo\":{\"@id\":\"https:\\\/\\\/secure.gravatar.com\\\/avatar\\\/df648abd54fd30b1686f3a8a3ec6632be51efe0530ac9d0955f04ffb9bc5a65e?s=96&d=mm&r=g\"},\"sameAs\":[\"http:\\\/\\\/www.legraindesheures.ovh\",\"instagram.com\\\/murielturmes\\\/\"]}]}<\/script>\n<!-- \/ Yoast SEO plugin. -->","yoast_head_json":{"title":"Le grain des heures - Le grain des heures","robots":{"index":"index","follow":"follow","max-snippet":"max-snippet:-1","max-image-preview":"max-image-preview:large","max-video-preview":"max-video-preview:-1"},"canonical":"https:\/\/www.legraindesheures.ovh\/index.php\/le-grain-des-heures\/","og_locale":"fr_FR","og_type":"article","og_title":"Le grain des heures - Le grain des heures","og_description":"Le grain des heures sont quelques mots extraits du po\u00e8me Saisir de Andr\u00e9e Chedid, qui m&rsquo;a beaucoup touch\u00e9e \u00e0 une p\u00e9riode de ma vie. Saisir &hellip;","og_url":"https:\/\/www.legraindesheures.ovh\/index.php\/le-grain-des-heures\/","og_site_name":"Le grain des heures","article_modified_time":"2025-01-26T17:25:32+00:00","og_image":[{"width":900,"height":600,"url":"https:\/\/www.legraindesheures.ovh\/wp-content\/uploads\/2025\/01\/ete-une.jpg","type":"image\/jpeg"}],"twitter_card":"summary_large_image","twitter_misc":{"Dur\u00e9e de lecture estim\u00e9e":"1 minute"},"schema":{"@context":"https:\/\/schema.org","@graph":[{"@type":"WebPage","@id":"https:\/\/www.legraindesheures.ovh\/index.php\/le-grain-des-heures\/","url":"https:\/\/www.legraindesheures.ovh\/index.php\/le-grain-des-heures\/","name":"Le grain des heures - Le grain des heures","isPartOf":{"@id":"http:\/\/www.legraindesheures.ovh\/#website"},"primaryImageOfPage":{"@id":"https:\/\/www.legraindesheures.ovh\/index.php\/le-grain-des-heures\/#primaryimage"},"image":{"@id":"https:\/\/www.legraindesheures.ovh\/index.php\/le-grain-des-heures\/#primaryimage"},"thumbnailUrl":"https:\/\/www.legraindesheures.ovh\/wp-content\/uploads\/2025\/01\/ete-une.jpg","datePublished":"2025-01-26T17:24:17+00:00","dateModified":"2025-01-26T17:25:32+00:00","breadcrumb":{"@id":"https:\/\/www.legraindesheures.ovh\/index.php\/le-grain-des-heures\/#breadcrumb"},"inLanguage":"fr-FR","potentialAction":[{"@type":"ReadAction","target":["https:\/\/www.legraindesheures.ovh\/index.php\/le-grain-des-heures\/"]}]},{"@type":"ImageObject","inLanguage":"fr-FR","@id":"https:\/\/www.legraindesheures.ovh\/index.php\/le-grain-des-heures\/#primaryimage","url":"https:\/\/www.legraindesheures.ovh\/wp-content\/uploads\/2025\/01\/ete-une.jpg","contentUrl":"https:\/\/www.legraindesheures.ovh\/wp-content\/uploads\/2025\/01\/ete-une.jpg","width":900,"height":600},{"@type":"BreadcrumbList","@id":"https:\/\/www.legraindesheures.ovh\/index.php\/le-grain-des-heures\/#breadcrumb","itemListElement":[{"@type":"ListItem","position":1,"name":"Accueil","item":"http:\/\/www.legraindesheures.ovh\/"},{"@type":"ListItem","position":2,"name":"Le grain des heures"}]},{"@type":"WebSite","@id":"http:\/\/www.legraindesheures.ovh\/#website","url":"http:\/\/www.legraindesheures.ovh\/","name":"Le grain des heures","description":"Beauty of ordinary days","publisher":{"@id":"http:\/\/www.legraindesheures.ovh\/#\/schema\/person\/cfb99bdc37b2ce43399fe7748d89f161"},"potentialAction":[{"@type":"SearchAction","target":{"@type":"EntryPoint","urlTemplate":"http:\/\/www.legraindesheures.ovh\/?s={search_term_string}"},"query-input":{"@type":"PropertyValueSpecification","valueRequired":true,"valueName":"search_term_string"}}],"inLanguage":"fr-FR"},{"@type":["Person","Organization"],"@id":"http:\/\/www.legraindesheures.ovh\/#\/schema\/person\/cfb99bdc37b2ce43399fe7748d89f161","name":"Muriel Turmes","image":{"@type":"ImageObject","inLanguage":"fr-FR","@id":"https:\/\/secure.gravatar.com\/avatar\/df648abd54fd30b1686f3a8a3ec6632be51efe0530ac9d0955f04ffb9bc5a65e?s=96&d=mm&r=g","url":"https:\/\/secure.gravatar.com\/avatar\/df648abd54fd30b1686f3a8a3ec6632be51efe0530ac9d0955f04ffb9bc5a65e?s=96&d=mm&r=g","contentUrl":"https:\/\/secure.gravatar.com\/avatar\/df648abd54fd30b1686f3a8a3ec6632be51efe0530ac9d0955f04ffb9bc5a65e?s=96&d=mm&r=g","caption":"Muriel Turmes"},"logo":{"@id":"https:\/\/secure.gravatar.com\/avatar\/df648abd54fd30b1686f3a8a3ec6632be51efe0530ac9d0955f04ffb9bc5a65e?s=96&d=mm&r=g"},"sameAs":["http:\/\/www.legraindesheures.ovh","instagram.com\/murielturmes\/"]}]}},"jetpack_sharing_enabled":true,"_links":{"self":[{"href":"https:\/\/www.legraindesheures.ovh\/index.php\/wp-json\/wp\/v2\/pages\/12","targetHints":{"allow":["GET"]}}],"collection":[{"href":"https:\/\/www.legraindesheures.ovh\/index.php\/wp-json\/wp\/v2\/pages"}],"about":[{"href":"https:\/\/www.legraindesheures.ovh\/index.php\/wp-json\/wp\/v2\/types\/page"}],"author":[{"embeddable":true,"href":"https:\/\/www.legraindesheures.ovh\/index.php\/wp-json\/wp\/v2\/users\/1"}],"replies":[{"embeddable":true,"href":"https:\/\/www.legraindesheures.ovh\/index.php\/wp-json\/wp\/v2\/comments?post=12"}],"version-history":[{"count":1,"href":"https:\/\/www.legraindesheures.ovh\/index.php\/wp-json\/wp\/v2\/pages\/12\/revisions"}],"predecessor-version":[{"id":14,"href":"https:\/\/www.legraindesheures.ovh\/index.php\/wp-json\/wp\/v2\/pages\/12\/revisions\/14"}],"wp:featuredmedia":[{"embeddable":true,"href":"https:\/\/www.legraindesheures.ovh\/index.php\/wp-json\/wp\/v2\/media\/15"}],"wp:attachment":[{"href":"https:\/\/www.legraindesheures.ovh\/index.php\/wp-json\/wp\/v2\/media?parent=12"}],"curies":[{"name":"wp","href":"https:\/\/api.w.org\/{rel}","templated":true}]}}