{"id":18,"date":"2025-01-27T11:10:39","date_gmt":"2025-01-27T10:10:39","guid":{"rendered":"https:\/\/www.legraindesheures.ovh\/?page_id=18"},"modified":"2025-01-27T14:31:26","modified_gmt":"2025-01-27T13:31:26","slug":"a-propos","status":"publish","type":"page","link":"https:\/\/www.legraindesheures.ovh\/index.php\/a-propos\/","title":{"rendered":"A propos"},"content":{"rendered":"\n<blockquote class=\"wp-block-quote is-layout-flow wp-block-quote-is-layout-flow\">\n<p class=\"has-text-align-right\"><em>Imagine a new story for your life and start living it<\/em><\/p>\n\n\n\n<p class=\"has-text-align-right\">Paul Coehlo<\/p>\n<\/blockquote>\n\n\n\n<p><\/p>\n\n\n<div class=\"wp-block-image\">\n<figure class=\"alignright size-full is-resized\"><img loading=\"lazy\" decoding=\"async\" width=\"324\" height=\"329\" src=\"http:\/\/www.legraindesheures.ovh\/wp-content\/uploads\/2025\/01\/moi.png\" alt=\"\" class=\"wp-image-31\" style=\"width:255px;height:auto\" srcset=\"https:\/\/www.legraindesheures.ovh\/wp-content\/uploads\/2025\/01\/moi.png 324w, https:\/\/www.legraindesheures.ovh\/wp-content\/uploads\/2025\/01\/moi-295x300.png 295w\" sizes=\"auto, (max-width: 324px) 100vw, 324px\" \/><\/figure>\n<\/div>\n\n\n<p>J&rsquo;habite le village o\u00f9 j&rsquo;ai grandi, avec mon amoureux, nos trois filles et notre border collie, <em>Crockdur<\/em>. Je vis donc \u00e0 la campagne, parcourant les m\u00eames chemins que j&#8217;empruntais petite fille avec mon chien de l&rsquo;\u00e9poque. Le paysage a chang\u00e9, les maisons ont remplac\u00e9 les vergers, mais il me reste de mon enfance le go\u00fbt des confitures maison, des l\u00e9gumes du jardin et des tartes au sucre de ma mamy. <\/p>\n\n\n\n<p>Avec mon appareil photo, je capture les moments ordinaires d&rsquo;une vie simple, ces petits d\u00e9tails qui font l&rsquo;essence de nos jours; j&rsquo;essaie de saisir <em><a href=\"https:\/\/www.legraindesheures.ovh\/index.php\/le-grain-des-heures\/\" data-type=\"page\" data-id=\"12\" target=\"_blank\" rel=\"noreferrer noopener\">le grain des heures<\/a><\/em>&#8230; <\/p>\n\n\n\n<p><\/p>\n","protected":false},"excerpt":{"rendered":"<p>Imagine a new story for your life and start living it Paul Coehlo J&rsquo;habite le village o\u00f9 j&rsquo;ai grandi, avec mon amoureux, nos trois filles &hellip;<\/p>\n","protected":false},"author":1,"featured_media":0,"parent":0,"menu_order":0,"comment_status":"closed","ping_status":"closed","template":"","meta":{"footnotes":""},"class_list":["post-18","page","type-page","status-publish","hentry"],"yoast_head":"<!-- This site is optimized with the Yoast SEO plugin v27.5 - https:\/\/yoast.com\/product\/yoast-seo-wordpress\/ -->\n<title>A propos - Le grain des heures<\/title>\n<meta name=\"robots\" content=\"index, follow, max-snippet:-1, max-image-preview:large, max-video-preview:-1\" \/>\n<link rel=\"canonical\" href=\"http:\/\/www.legraindesheures.ovh\/index.php\/a-propos\/\" \/>\n<meta property=\"og:locale\" content=\"fr_FR\" \/>\n<meta property=\"og:type\" content=\"article\" \/>\n<meta property=\"og:title\" content=\"A propos - Le grain des heures\" \/>\n<meta property=\"og:description\" content=\"Imagine a new story for your life and start living it Paul Coehlo J&rsquo;habite le village o\u00f9 j&rsquo;ai grandi, avec mon amoureux, nos trois filles &hellip;\" \/>\n<meta property=\"og:url\" content=\"http:\/\/www.legraindesheures.ovh\/index.php\/a-propos\/\" \/>\n<meta property=\"og:site_name\" content=\"Le grain des heures\" \/>\n<meta property=\"article:modified_time\" content=\"2025-01-27T13:31:26+00:00\" \/>\n<meta property=\"og:image\" content=\"http:\/\/www.legraindesheures.ovh\/wp-content\/uploads\/2025\/01\/moi.png\" \/>\n<meta name=\"twitter:card\" content=\"summary_large_image\" \/>\n<meta name=\"twitter:label1\" content=\"Dur\u00e9e de lecture estim\u00e9e\" \/>\n\t<meta name=\"twitter:data1\" content=\"1 minute\" \/>\n<script type=\"application\/ld+json\" class=\"yoast-schema-graph\">{\"@context\":\"https:\\\/\\\/schema.org\",\"@graph\":[{\"@type\":\"WebPage\",\"@id\":\"http:\\\/\\\/www.legraindesheures.ovh\\\/index.php\\\/a-propos\\\/\",\"url\":\"http:\\\/\\\/www.legraindesheures.ovh\\\/index.php\\\/a-propos\\\/\",\"name\":\"A propos - Le grain des heures\",\"isPartOf\":{\"@id\":\"http:\\\/\\\/www.legraindesheures.ovh\\\/#website\"},\"primaryImageOfPage\":{\"@id\":\"http:\\\/\\\/www.legraindesheures.ovh\\\/index.php\\\/a-propos\\\/#primaryimage\"},\"image\":{\"@id\":\"http:\\\/\\\/www.legraindesheures.ovh\\\/index.php\\\/a-propos\\\/#primaryimage\"},\"thumbnailUrl\":\"http:\\\/\\\/www.legraindesheures.ovh\\\/wp-content\\\/uploads\\\/2025\\\/01\\\/moi.png\",\"datePublished\":\"2025-01-27T10:10:39+00:00\",\"dateModified\":\"2025-01-27T13:31:26+00:00\",\"breadcrumb\":{\"@id\":\"http:\\\/\\\/www.legraindesheures.ovh\\\/index.php\\\/a-propos\\\/#breadcrumb\"},\"inLanguage\":\"fr-FR\",\"potentialAction\":[{\"@type\":\"ReadAction\",\"target\":[\"http:\\\/\\\/www.legraindesheures.ovh\\\/index.php\\\/a-propos\\\/\"]}]},{\"@type\":\"ImageObject\",\"inLanguage\":\"fr-FR\",\"@id\":\"http:\\\/\\\/www.legraindesheures.ovh\\\/index.php\\\/a-propos\\\/#primaryimage\",\"url\":\"https:\\\/\\\/www.legraindesheures.ovh\\\/wp-content\\\/uploads\\\/2025\\\/01\\\/moi.png\",\"contentUrl\":\"https:\\\/\\\/www.legraindesheures.ovh\\\/wp-content\\\/uploads\\\/2025\\\/01\\\/moi.png\",\"width\":324,\"height\":329},{\"@type\":\"BreadcrumbList\",\"@id\":\"http:\\\/\\\/www.legraindesheures.ovh\\\/index.php\\\/a-propos\\\/#breadcrumb\",\"itemListElement\":[{\"@type\":\"ListItem\",\"position\":1,\"name\":\"Accueil\",\"item\":\"http:\\\/\\\/www.legraindesheures.ovh\\\/\"},{\"@type\":\"ListItem\",\"position\":2,\"name\":\"A propos\"}]},{\"@type\":\"WebSite\",\"@id\":\"http:\\\/\\\/www.legraindesheures.ovh\\\/#website\",\"url\":\"http:\\\/\\\/www.legraindesheures.ovh\\\/\",\"name\":\"Le grain des heures\",\"description\":\"Beauty of ordinary days\",\"publisher\":{\"@id\":\"http:\\\/\\\/www.legraindesheures.ovh\\\/#\\\/schema\\\/person\\\/cfb99bdc37b2ce43399fe7748d89f161\"},\"potentialAction\":[{\"@type\":\"SearchAction\",\"target\":{\"@type\":\"EntryPoint\",\"urlTemplate\":\"http:\\\/\\\/www.legraindesheures.ovh\\\/?s={search_term_string}\"},\"query-input\":{\"@type\":\"PropertyValueSpecification\",\"valueRequired\":true,\"valueName\":\"search_term_string\"}}],\"inLanguage\":\"fr-FR\"},{\"@type\":[\"Person\",\"Organization\"],\"@id\":\"http:\\\/\\\/www.legraindesheures.ovh\\\/#\\\/schema\\\/person\\\/cfb99bdc37b2ce43399fe7748d89f161\",\"name\":\"Muriel Turmes\",\"image\":{\"@type\":\"ImageObject\",\"inLanguage\":\"fr-FR\",\"@id\":\"https:\\\/\\\/secure.gravatar.com\\\/avatar\\\/df648abd54fd30b1686f3a8a3ec6632be51efe0530ac9d0955f04ffb9bc5a65e?s=96&d=mm&r=g\",\"url\":\"https:\\\/\\\/secure.gravatar.com\\\/avatar\\\/df648abd54fd30b1686f3a8a3ec6632be51efe0530ac9d0955f04ffb9bc5a65e?s=96&d=mm&r=g\",\"contentUrl\":\"https:\\\/\\\/secure.gravatar.com\\\/avatar\\\/df648abd54fd30b1686f3a8a3ec6632be51efe0530ac9d0955f04ffb9bc5a65e?s=96&d=mm&r=g\",\"caption\":\"Muriel Turmes\"},\"logo\":{\"@id\":\"https:\\\/\\\/secure.gravatar.com\\\/avatar\\\/df648abd54fd30b1686f3a8a3ec6632be51efe0530ac9d0955f04ffb9bc5a65e?s=96&d=mm&r=g\"},\"sameAs\":[\"http:\\\/\\\/www.legraindesheures.ovh\",\"instagram.com\\\/murielturmes\\\/\"]}]}<\/script>\n<!-- \/ Yoast SEO plugin. -->","yoast_head_json":{"title":"A propos - Le grain des heures","robots":{"index":"index","follow":"follow","max-snippet":"max-snippet:-1","max-image-preview":"max-image-preview:large","max-video-preview":"max-video-preview:-1"},"canonical":"http:\/\/www.legraindesheures.ovh\/index.php\/a-propos\/","og_locale":"fr_FR","og_type":"article","og_title":"A propos - Le grain des heures","og_description":"Imagine a new story for your life and start living it Paul Coehlo J&rsquo;habite le village o\u00f9 j&rsquo;ai grandi, avec mon amoureux, nos trois filles &hellip;","og_url":"http:\/\/www.legraindesheures.ovh\/index.php\/a-propos\/","og_site_name":"Le grain des heures","article_modified_time":"2025-01-27T13:31:26+00:00","og_image":[{"url":"http:\/\/www.legraindesheures.ovh\/wp-content\/uploads\/2025\/01\/moi.png","type":"","width":"","height":""}],"twitter_card":"summary_large_image","twitter_misc":{"Dur\u00e9e de lecture estim\u00e9e":"1 minute"},"schema":{"@context":"https:\/\/schema.org","@graph":[{"@type":"WebPage","@id":"http:\/\/www.legraindesheures.ovh\/index.php\/a-propos\/","url":"http:\/\/www.legraindesheures.ovh\/index.php\/a-propos\/","name":"A propos - Le grain des heures","isPartOf":{"@id":"http:\/\/www.legraindesheures.ovh\/#website"},"primaryImageOfPage":{"@id":"http:\/\/www.legraindesheures.ovh\/index.php\/a-propos\/#primaryimage"},"image":{"@id":"http:\/\/www.legraindesheures.ovh\/index.php\/a-propos\/#primaryimage"},"thumbnailUrl":"http:\/\/www.legraindesheures.ovh\/wp-content\/uploads\/2025\/01\/moi.png","datePublished":"2025-01-27T10:10:39+00:00","dateModified":"2025-01-27T13:31:26+00:00","breadcrumb":{"@id":"http:\/\/www.legraindesheures.ovh\/index.php\/a-propos\/#breadcrumb"},"inLanguage":"fr-FR","potentialAction":[{"@type":"ReadAction","target":["http:\/\/www.legraindesheures.ovh\/index.php\/a-propos\/"]}]},{"@type":"ImageObject","inLanguage":"fr-FR","@id":"http:\/\/www.legraindesheures.ovh\/index.php\/a-propos\/#primaryimage","url":"https:\/\/www.legraindesheures.ovh\/wp-content\/uploads\/2025\/01\/moi.png","contentUrl":"https:\/\/www.legraindesheures.ovh\/wp-content\/uploads\/2025\/01\/moi.png","width":324,"height":329},{"@type":"BreadcrumbList","@id":"http:\/\/www.legraindesheures.ovh\/index.php\/a-propos\/#breadcrumb","itemListElement":[{"@type":"ListItem","position":1,"name":"Accueil","item":"http:\/\/www.legraindesheures.ovh\/"},{"@type":"ListItem","position":2,"name":"A propos"}]},{"@type":"WebSite","@id":"http:\/\/www.legraindesheures.ovh\/#website","url":"http:\/\/www.legraindesheures.ovh\/","name":"Le grain des heures","description":"Beauty of ordinary days","publisher":{"@id":"http:\/\/www.legraindesheures.ovh\/#\/schema\/person\/cfb99bdc37b2ce43399fe7748d89f161"},"potentialAction":[{"@type":"SearchAction","target":{"@type":"EntryPoint","urlTemplate":"http:\/\/www.legraindesheures.ovh\/?s={search_term_string}"},"query-input":{"@type":"PropertyValueSpecification","valueRequired":true,"valueName":"search_term_string"}}],"inLanguage":"fr-FR"},{"@type":["Person","Organization"],"@id":"http:\/\/www.legraindesheures.ovh\/#\/schema\/person\/cfb99bdc37b2ce43399fe7748d89f161","name":"Muriel Turmes","image":{"@type":"ImageObject","inLanguage":"fr-FR","@id":"https:\/\/secure.gravatar.com\/avatar\/df648abd54fd30b1686f3a8a3ec6632be51efe0530ac9d0955f04ffb9bc5a65e?s=96&d=mm&r=g","url":"https:\/\/secure.gravatar.com\/avatar\/df648abd54fd30b1686f3a8a3ec6632be51efe0530ac9d0955f04ffb9bc5a65e?s=96&d=mm&r=g","contentUrl":"https:\/\/secure.gravatar.com\/avatar\/df648abd54fd30b1686f3a8a3ec6632be51efe0530ac9d0955f04ffb9bc5a65e?s=96&d=mm&r=g","caption":"Muriel Turmes"},"logo":{"@id":"https:\/\/secure.gravatar.com\/avatar\/df648abd54fd30b1686f3a8a3ec6632be51efe0530ac9d0955f04ffb9bc5a65e?s=96&d=mm&r=g"},"sameAs":["http:\/\/www.legraindesheures.ovh","instagram.com\/murielturmes\/"]}]}},"jetpack_sharing_enabled":true,"_links":{"self":[{"href":"https:\/\/www.legraindesheures.ovh\/index.php\/wp-json\/wp\/v2\/pages\/18","targetHints":{"allow":["GET"]}}],"collection":[{"href":"https:\/\/www.legraindesheures.ovh\/index.php\/wp-json\/wp\/v2\/pages"}],"about":[{"href":"https:\/\/www.legraindesheures.ovh\/index.php\/wp-json\/wp\/v2\/types\/page"}],"author":[{"embeddable":true,"href":"https:\/\/www.legraindesheures.ovh\/index.php\/wp-json\/wp\/v2\/users\/1"}],"replies":[{"embeddable":true,"href":"https:\/\/www.legraindesheures.ovh\/index.php\/wp-json\/wp\/v2\/comments?post=18"}],"version-history":[{"count":4,"href":"https:\/\/www.legraindesheures.ovh\/index.php\/wp-json\/wp\/v2\/pages\/18\/revisions"}],"predecessor-version":[{"id":32,"href":"https:\/\/www.legraindesheures.ovh\/index.php\/wp-json\/wp\/v2\/pages\/18\/revisions\/32"}],"wp:attachment":[{"href":"https:\/\/www.legraindesheures.ovh\/index.php\/wp-json\/wp\/v2\/media?parent=18"}],"curies":[{"name":"wp","href":"https:\/\/api.w.org\/{rel}","templated":true}]}}